{"id":4900,"date":"2023-11-06T11:31:57","date_gmt":"2023-11-06T08:31:57","guid":{"rendered":"https:\/\/mh-rent.fi\/product\/sahkokayttoinen-lampopuhallin-3kw-230v-7\/"},"modified":"2023-11-06T11:31:57","modified_gmt":"2023-11-06T08:31:57","slug":"sahkokayttoinen-lampopuhallin-3kw-230v-7","status":"publish","type":"product","link":"https:\/\/mh-rent.fi\/en\/product\/sahkokayttoinen-lampopuhallin-3kw-230v-7\/","title":{"rendered":"S\u00e4hk\u00f6k\u00e4ytt\u00f6inen l\u00e4mp\u00f6puhallin< 3kW, 230V"},"content":{"rendered":"","protected":false},"excerpt":{"rendered":"","protected":false},"featured_media":0,"comment_status":"closed","ping_status":"open","template":"","meta":{"_joinchat":[]},"product_cat":[260,259,217],"product_tag":[],"yoast_head":"<!-- This site is optimized with the Yoast SEO plugin v22.1 - https:\/\/yoast.com\/wordpress\/plugins\/seo\/ -->\n<title>S\u00e4hk\u00f6k\u00e4ytt\u00f6inen l\u00e4mp\u00f6puhallin&lt; 3kW, 230V - MH Rent<\/title>\n<meta name=\"robots\" content=\"index, follow, max-snippet:-1, max-image-preview:large, max-video-preview:-1\" \/>\n<link rel=\"canonical\" href=\"https:\/\/mh-rent.fi\/en\/product\/sahkokayttoinen-lampopuhallin-3kw-230v-7\/\" \/>\n<meta property=\"og:locale\" content=\"en_GB\" \/>\n<meta property=\"og:type\" content=\"article\" \/>\n<meta property=\"og:title\" content=\"S\u00e4hk\u00f6k\u00e4ytt\u00f6inen l\u00e4mp\u00f6puhallin&lt; 3kW, 230V - MH Rent\" \/>\n<meta property=\"og:url\" content=\"https:\/\/mh-rent.fi\/en\/product\/sahkokayttoinen-lampopuhallin-3kw-230v-7\/\" \/>\n<meta property=\"og:site_name\" content=\"MH Rent\" \/>\n<meta name=\"twitter:card\" content=\"summary_large_image\" \/>\n<script type=\"application\/ld+json\" class=\"yoast-schema-graph\">{\"@context\":\"https:\/\/schema.org\",\"@graph\":[{\"@type\":\"WebPage\",\"@id\":\"https:\/\/mh-rent.fi\/product\/sahkokayttoinen-lampopuhallin-3kw-230v-7\/\",\"url\":\"https:\/\/mh-rent.fi\/product\/sahkokayttoinen-lampopuhallin-3kw-230v-7\/\",\"name\":\"S\u00e4hk\u00f6k\u00e4ytt\u00f6inen l\u00e4mp\u00f6puhallin< 3kW, 230V - MH Rent\",\"isPartOf\":{\"@id\":\"https:\/\/mh-rent.fi\/#website\"},\"datePublished\":\"2023-11-06T08:31:57+00:00\",\"dateModified\":\"2023-11-06T08:31:57+00:00\",\"breadcrumb\":{\"@id\":\"https:\/\/mh-rent.fi\/product\/sahkokayttoinen-lampopuhallin-3kw-230v-7\/#breadcrumb\"},\"inLanguage\":\"en-GB\",\"potentialAction\":[{\"@type\":\"ReadAction\",\"target\":[\"https:\/\/mh-rent.fi\/product\/sahkokayttoinen-lampopuhallin-3kw-230v-7\/\"]}]},{\"@type\":\"BreadcrumbList\",\"@id\":\"https:\/\/mh-rent.fi\/product\/sahkokayttoinen-lampopuhallin-3kw-230v-7\/#breadcrumb\",\"itemListElement\":[{\"@type\":\"ListItem\",\"position\":1,\"name\":\"Etusivu\",\"item\":\"https:\/\/mh-rent.fi\/\"},{\"@type\":\"ListItem\",\"position\":2,\"name\":\"Kauppa\",\"item\":\"https:\/\/mh-rent.fi\/?page_id=9\"},{\"@type\":\"ListItem\",\"position\":3,\"name\":\"S\u00e4hk\u00f6k\u00e4ytt\u00f6inen l\u00e4mp\u00f6puhallin< 3kW, 230V\"}]},{\"@type\":\"WebSite\",\"@id\":\"https:\/\/mh-rent.fi\/#website\",\"url\":\"https:\/\/mh-rent.fi\/\",\"name\":\"MH Rent\",\"description\":\"\",\"potentialAction\":[{\"@type\":\"SearchAction\",\"target\":{\"@type\":\"EntryPoint\",\"urlTemplate\":\"https:\/\/mh-rent.fi\/?s={search_term_string}\"},\"query-input\":\"required name=search_term_string\"}],\"inLanguage\":\"en-GB\"}]}<\/script>\n<!-- \/ Yoast SEO plugin. -->","yoast_head_json":{"title":"S\u00e4hk\u00f6k\u00e4ytt\u00f6inen l\u00e4mp\u00f6puhallin< 3kW, 230V - MH Rent","robots":{"index":"index","follow":"follow","max-snippet":"max-snippet:-1","max-image-preview":"max-image-preview:large","max-video-preview":"max-video-preview:-1"},"canonical":"https:\/\/mh-rent.fi\/en\/product\/sahkokayttoinen-lampopuhallin-3kw-230v-7\/","og_locale":"en_GB","og_type":"article","og_title":"S\u00e4hk\u00f6k\u00e4ytt\u00f6inen l\u00e4mp\u00f6puhallin< 3kW, 230V - MH Rent","og_url":"https:\/\/mh-rent.fi\/en\/product\/sahkokayttoinen-lampopuhallin-3kw-230v-7\/","og_site_name":"MH Rent","twitter_card":"summary_large_image","schema":{"@context":"https:\/\/schema.org","@graph":[{"@type":"WebPage","@id":"https:\/\/mh-rent.fi\/product\/sahkokayttoinen-lampopuhallin-3kw-230v-7\/","url":"https:\/\/mh-rent.fi\/product\/sahkokayttoinen-lampopuhallin-3kw-230v-7\/","name":"S\u00e4hk\u00f6k\u00e4ytt\u00f6inen l\u00e4mp\u00f6puhallin< 3kW, 230V - MH Rent","isPartOf":{"@id":"https:\/\/mh-rent.fi\/#website"},"datePublished":"2023-11-06T08:31:57+00:00","dateModified":"2023-11-06T08:31:57+00:00","breadcrumb":{"@id":"https:\/\/mh-rent.fi\/product\/sahkokayttoinen-lampopuhallin-3kw-230v-7\/#breadcrumb"},"inLanguage":"en-GB","potentialAction":[{"@type":"ReadAction","target":["https:\/\/mh-rent.fi\/product\/sahkokayttoinen-lampopuhallin-3kw-230v-7\/"]}]},{"@type":"BreadcrumbList","@id":"https:\/\/mh-rent.fi\/product\/sahkokayttoinen-lampopuhallin-3kw-230v-7\/#breadcrumb","itemListElement":[{"@type":"ListItem","position":1,"name":"Etusivu","item":"https:\/\/mh-rent.fi\/"},{"@type":"ListItem","position":2,"name":"Kauppa","item":"https:\/\/mh-rent.fi\/?page_id=9"},{"@type":"ListItem","position":3,"name":"S\u00e4hk\u00f6k\u00e4ytt\u00f6inen l\u00e4mp\u00f6puhallin< 3kW, 230V"}]},{"@type":"WebSite","@id":"https:\/\/mh-rent.fi\/#website","url":"https:\/\/mh-rent.fi\/","name":"MH Rent","description":"","potentialAction":[{"@type":"SearchAction","target":{"@type":"EntryPoint","urlTemplate":"https:\/\/mh-rent.fi\/?s={search_term_string}"},"query-input":"required name=search_term_string"}],"inLanguage":"en-GB"}]}},"_links":{"self":[{"href":"https:\/\/mh-rent.fi\/en\/wp-json\/wp\/v2\/product\/4900"}],"collection":[{"href":"https:\/\/mh-rent.fi\/en\/wp-json\/wp\/v2\/product"}],"about":[{"href":"https:\/\/mh-rent.fi\/en\/wp-json\/wp\/v2\/types\/product"}],"replies":[{"embeddable":true,"href":"https:\/\/mh-rent.fi\/en\/wp-json\/wp\/v2\/comments?post=4900"}],"wp:attachment":[{"href":"https:\/\/mh-rent.fi\/en\/wp-json\/wp\/v2\/media?parent=4900"}],"wp:term":[{"taxonomy":"product_cat","embeddable":true,"href":"https:\/\/mh-rent.fi\/en\/wp-json\/wp\/v2\/product_cat?post=4900"},{"taxonomy":"product_tag","embeddable":true,"href":"https:\/\/mh-rent.fi\/en\/wp-json\/wp\/v2\/product_tag?post=4900"}],"curies":[{"name":"wp","href":"https:\/\/api.w.org\/{rel}","templated":true}]}}